{"id":1752,"date":"2021-05-05T08:35:59","date_gmt":"2021-05-05T08:35:59","guid":{"rendered":"https:\/\/www.terapiacpap.pt\/producto\/narval-cc\/"},"modified":"2025-05-15T10:04:24","modified_gmt":"2025-05-15T10:04:24","slug":"narval-cc","status":"publish","type":"product","link":"https:\/\/www.terapiacpap.pt\/en\/producto\/narval-cc\/","title":{"rendered":"Narval CC, mandibular advancement device"},"content":{"rendered":"<p>Narval\u2122 CC, ResMed&#8217;s <strong>mandibular advancement medical device <\/strong>, adapts to the oral anatomy of each patient and is an innovative medical device that enables the <strong>treatment of obstructive sleep apnea syndrome and snoring<\/strong>.<\/p>\n<p>Narval CC\u2122 works by optimizing mandibular retention in the anterior position. This system prevents retraction of the base of the tongue and allows the airways to expand at pharyngeal level. <\/p>\n<p>It is custom-made according to the patient&#8217;s oral anatomy, with more than 25 design possibilities.<\/p>\n<p>A 5-year study proves its effectiveness and comfort (according to the ORCADES study, it resolves heavy snoring in 79% of cases and has a success rate of 97).<\/p>\n<p>It&#8217;s small, light and comfortable. The only patented device with an advanced traction system. It opens the airway and prevents it from closing by moving the jaw forward.  <\/p>\n<p><span data-sheets-value=\"{\"1\":2,\"2\":\" \\nUm estudo cl\u00ednico multic\u00eantrico realizado (estudo ORCADES) ao longo de 5 anos em pacientes utilizadores do dispositivo de avan\u00e7o mandibular Narval, apresentou uma taxa de sucesso de 79% nos epis\u00f3dios de apneias e hipoapneias e o desaparecimento completo dos roncos ruidosos em 89% dos casos;\\nPromove uma melhoria significativa dos problemas de sonol\u00eancia e fadiga durante o dia;\\n\u00c9 pequeno, leve e c\u00f3modo;\\nDesenvolvido e fabricado atrav\u00e9s de um software espec\u00edfico (quer no design quer no fabrico) de forma a obter um dispositivo exactamente \u00e0 sua medida;\\n\u00danico dispositivo patenteado com sistema de avan\u00e7o por trac\u00e7\u00e3o;\\nFabricado num material biocompat\u00edvel sem conter l\u00e1tex, bisfenol A, nem metal.\\nApto e resistente ao bruxismo; Mais informa\u00e7\u00e3o sobre Narval CC\"}\" data-sheets-userformat=\"{\"2\":1049409,\"3\":{\"1\":0},\"9\":1,\"11\":4,\"12\":0,\"23\":1}\" data-sheets-textstyleruns=\"{\"1\":0}\uee10[null,734,{\"2\":[null,2,1136076],\"9\":1}]\" data-sheets-hyperlinkruns=\"[null,734,\"http:\/\/terapiacpap.d.pasolution.pt\/avanco-mandibular-narval-cc\"]\uee10{\"1\":765}\">A multicenter clinical study carried out over 5 years on patients using the Narval mandibular advancement device (ORCADES study) showed a 79% success rate in apnea and hypoapnea episodes and the complete disappearance of noisy snoring in 89% of cases;<br \/>\n<\/span><\/p>\n<p><span data-sheets-value=\"{\"1\":2,\"2\":\" \\nUm estudo cl\u00ednico multic\u00eantrico realizado (estudo ORCADES) ao longo de 5 anos em pacientes utilizadores do dispositivo de avan\u00e7o mandibular Narval, apresentou uma taxa de sucesso de 79% nos epis\u00f3dios de apneias e hipoapneias e o desaparecimento completo dos roncos ruidosos em 89% dos casos;\\nPromove uma melhoria significativa dos problemas de sonol\u00eancia e fadiga durante o dia;\\n\u00c9 pequeno, leve e c\u00f3modo;\\nDesenvolvido e fabricado atrav\u00e9s de um software espec\u00edfico (quer no design quer no fabrico) de forma a obter um dispositivo exactamente \u00e0 sua medida;\\n\u00danico dispositivo patenteado com sistema de avan\u00e7o por trac\u00e7\u00e3o;\\nFabricado num material biocompat\u00edvel sem conter l\u00e1tex, bisfenol A, nem metal.\\nApto e resistente ao bruxismo; Mais informa\u00e7\u00e3o sobre Narval CC\"}\" data-sheets-userformat=\"{\"2\":1049409,\"3\":{\"1\":0},\"9\":1,\"11\":4,\"12\":0,\"23\":1}\" data-sheets-textstyleruns=\"{\"1\":0}\uee10[null,734,{\"2\":[null,2,1136076],\"9\":1}]\" data-sheets-hyperlinkruns=\"[null,734,\"http:\/\/terapiacpap.d.pasolution.pt\/avanco-mandibular-narval-cc\"]\uee10{\"1\":765}\">Promotes a significant improvement in sleepiness and fatigue problems during the day;<br \/>\n<\/span><\/p>\n<p>Made of polyamide 11 and 12, totally biocompatible and hypoallergenic. Suitable for and resistant to bruxism <\/p>\n<p>Narval CC is ResMed&#8217;s medical mandibular advancement device, adapted to the patient&#8217;s anatomy for CPAP sleep apnea therapy.<\/p>\n","protected":false},"excerpt":{"rendered":"<ul>\n<li><span style=\"font-weight: 400;\">Mandibular advancement medical device<\/span><\/li>\n<li><span style=\"font-weight: 400;\">Adapts to each patient&#8217;s unique anatomy<\/span><\/li>\n<li><span style=\"font-weight: 400;\">More than 25 design possibilities<\/span><\/li>\n<li><span style=\"font-weight: 400;\">Small, light and comfortable<\/span><\/li>\n<li><span style=\"font-weight: 400;\">Biocompatible and hypoallergenic<\/span><\/li>\n<\/ul>\n<p>Contact us for more information.<\/p>\n<p><a class=\"viewcart-style-2 button product_type_variable add_to_cart_button\" href=\"https:\/\/terapiacpap.pt\/contactos\/\" data-quantity=\"1\">Contact us<\/a><\/p>\n","protected":false},"featured_media":9353,"comment_status":"open","ping_status":"closed","template":"","meta":{"_acf_changed":false},"product_brand":[],"product_cat":[61],"product_tag":[53],"class_list":{"0":"post-1752","1":"product","2":"type-product","3":"status-publish","4":"has-post-thumbnail","6":"product_cat-narval-cc-en","7":"product_tag-resmed-en","9":"first","10":"instock","11":"shipping-taxable","12":"product-type-simple"},"acf":[],"yoast_head":"<!-- This site is optimized with the Yoast SEO plugin v27.0 - https:\/\/yoast.com\/product\/yoast-seo-wordpress\/ -->\n<title>Narval CC Mandibular advancement - CPAP therapy Portugal<\/title>\n<meta name=\"description\" content=\"Narval\u2122 CC, ResMed&#039;s medical mandibular advancement device, has been custom-developed for obstructive sleep apnea syndrome and snoring.\" \/>\n<meta name=\"robots\" content=\"index, follow, max-snippet:-1, max-image-preview:large, max-video-preview:-1\" \/>\n<link rel=\"canonical\" href=\"https:\/\/www.terapiacpap.pt\/en\/producto\/narval-cc\/\" \/>\n<meta property=\"og:locale\" content=\"en_US\" \/>\n<meta property=\"og:type\" content=\"article\" \/>\n<meta property=\"og:title\" content=\"Narval CC Mandibular advancement - CPAP therapy Portugal\" \/>\n<meta property=\"og:description\" content=\"Narval\u2122 CC, ResMed&#039;s medical mandibular advancement device, has been custom-developed for obstructive sleep apnea syndrome and snoring.\" \/>\n<meta property=\"og:url\" content=\"https:\/\/www.terapiacpap.pt\/en\/producto\/narval-cc\/\" \/>\n<meta property=\"og:site_name\" content=\"Terapia CPAP Portugal\" \/>\n<meta property=\"article:publisher\" content=\"https:\/\/www.facebook.com\/p\/Terapiacpap-Portugal-100063919488136\/\" \/>\n<meta property=\"article:modified_time\" content=\"2025-05-15T10:04:24+00:00\" \/>\n<meta property=\"og:image\" content=\"https:\/\/www.terapiacpap.pt\/wp-content\/uploads\/2021\/04\/ImageGalleryHandler-1.png\" \/>\n\t<meta property=\"og:image:width\" content=\"898\" \/>\n\t<meta property=\"og:image:height\" content=\"782\" \/>\n\t<meta property=\"og:image:type\" content=\"image\/png\" \/>\n<meta name=\"twitter:card\" content=\"summary_large_image\" \/>\n<meta name=\"twitter:label1\" content=\"Est. reading time\" \/>\n\t<meta name=\"twitter:data1\" content=\"2 minutes\" \/>\n<!-- \/ Yoast SEO plugin. -->","yoast_head_json":{"title":"Narval CC Mandibular advancement - CPAP therapy Portugal","description":"Narval\u2122 CC, ResMed's medical mandibular advancement device, has been custom-developed for obstructive sleep apnea syndrome and snoring.","robots":{"index":"index","follow":"follow","max-snippet":"max-snippet:-1","max-image-preview":"max-image-preview:large","max-video-preview":"max-video-preview:-1"},"canonical":"https:\/\/www.terapiacpap.pt\/en\/producto\/narval-cc\/","og_locale":"en_US","og_type":"article","og_title":"Narval CC Mandibular advancement - CPAP therapy Portugal","og_description":"Narval\u2122 CC, ResMed's medical mandibular advancement device, has been custom-developed for obstructive sleep apnea syndrome and snoring.","og_url":"https:\/\/www.terapiacpap.pt\/en\/producto\/narval-cc\/","og_site_name":"Terapia CPAP Portugal","article_publisher":"https:\/\/www.facebook.com\/p\/Terapiacpap-Portugal-100063919488136\/","article_modified_time":"2025-05-15T10:04:24+00:00","og_image":[{"width":898,"height":782,"url":"https:\/\/www.terapiacpap.pt\/wp-content\/uploads\/2021\/04\/ImageGalleryHandler-1.png","type":"image\/png"}],"twitter_card":"summary_large_image","twitter_misc":{"Est. reading time":"2 minutes"},"schema":{"@context":"https:\/\/schema.org","@graph":[{"@type":"WebPage","@id":"https:\/\/www.terapiacpap.pt\/en\/producto\/narval-cc\/","url":"https:\/\/www.terapiacpap.pt\/en\/producto\/narval-cc\/","name":"Narval CC Mandibular advancement - CPAP therapy Portugal","isPartOf":{"@id":"https:\/\/www.terapiacpap.pt\/#website"},"primaryImageOfPage":{"@id":"https:\/\/www.terapiacpap.pt\/en\/producto\/narval-cc\/#primaryimage"},"image":{"@id":"https:\/\/www.terapiacpap.pt\/en\/producto\/narval-cc\/#primaryimage"},"thumbnailUrl":"https:\/\/www.terapiacpap.pt\/wp-content\/uploads\/2021\/05\/dispositivo-oral-Narval.png","datePublished":"2021-05-05T08:35:59+00:00","dateModified":"2025-05-15T10:04:24+00:00","description":"Narval\u2122 CC, ResMed's medical mandibular advancement device, has been custom-developed for obstructive sleep apnea syndrome and snoring.","breadcrumb":{"@id":"https:\/\/www.terapiacpap.pt\/en\/producto\/narval-cc\/#breadcrumb"},"inLanguage":"en-US","potentialAction":[{"@type":"ReadAction","target":["https:\/\/www.terapiacpap.pt\/en\/producto\/narval-cc\/"]}]},{"@type":"ImageObject","inLanguage":"en-US","@id":"https:\/\/www.terapiacpap.pt\/en\/producto\/narval-cc\/#primaryimage","url":"https:\/\/www.terapiacpap.pt\/wp-content\/uploads\/2021\/05\/dispositivo-oral-Narval.png","contentUrl":"https:\/\/www.terapiacpap.pt\/wp-content\/uploads\/2021\/05\/dispositivo-oral-Narval.png","width":750,"height":600,"caption":"Vista frontal do dispositivo oral Narval CC e todos os componentes"},{"@type":"BreadcrumbList","@id":"https:\/\/www.terapiacpap.pt\/en\/producto\/narval-cc\/#breadcrumb","itemListElement":[{"@type":"ListItem","position":1,"name":"In\u00edcio","item":"https:\/\/www.terapiacpap.pt\/en\/"},{"@type":"ListItem","position":2,"name":"SHOP","item":"https:\/\/www.terapiacpap.pt\/en\/loja\/"},{"@type":"ListItem","position":3,"name":"Sleep apnea","item":"https:\/\/www.terapiacpap.pt\/en\/categoria-producto\/sleep-apnea\/"},{"@type":"ListItem","position":4,"name":"Treatment","item":"https:\/\/www.terapiacpap.pt\/en\/categoria-producto\/sleep-apnea\/cpap-equipment\/"},{"@type":"ListItem","position":5,"name":"Oral Appliance Therapy","item":"https:\/\/www.terapiacpap.pt\/en\/categoria-producto\/sleep-apnea\/cpap-equipment\/narval-cc-en\/"},{"@type":"ListItem","position":6,"name":"Narval CC, mandibular advancement device"}]},{"@type":"WebSite","@id":"https:\/\/www.terapiacpap.pt\/#website","url":"https:\/\/www.terapiacpap.pt\/","name":"TerapiaCPAP Portugal","description":"Tratamiento de Apnea do sono Portugal","publisher":{"@id":"https:\/\/www.terapiacpap.pt\/#organization"},"alternateName":"TerapiaCPAP Portugal","potentialAction":[{"@type":"SearchAction","target":{"@type":"EntryPoint","urlTemplate":"https:\/\/www.terapiacpap.pt\/?s={search_term_string}"},"query-input":{"@type":"PropertyValueSpecification","valueRequired":true,"valueName":"search_term_string"}}],"inLanguage":"en-US"},{"@type":"Organization","@id":"https:\/\/www.terapiacpap.pt\/#organization","name":"TerapiaCPAP Portugal","alternateName":"TerapiaCPAP Portugal","url":"https:\/\/www.terapiacpap.pt\/","logo":{"@type":"ImageObject","inLanguage":"en-US","@id":"https:\/\/www.terapiacpap.pt\/#\/schema\/logo\/image\/","url":"https:\/\/www.terapiacpap.pt\/wp-content\/uploads\/2021\/03\/logo-TERAPIACPAP.png","contentUrl":"https:\/\/www.terapiacpap.pt\/wp-content\/uploads\/2021\/03\/logo-TERAPIACPAP.png","width":1734,"height":521,"caption":"TerapiaCPAP Portugal"},"image":{"@id":"https:\/\/www.terapiacpap.pt\/#\/schema\/logo\/image\/"},"sameAs":["https:\/\/www.facebook.com\/p\/Terapiacpap-Portugal-100063919488136\/","https:\/\/www.instagram.com\/terapiacpap.pt\/"]}]}},"_links":{"self":[{"href":"https:\/\/www.terapiacpap.pt\/en\/wp-json\/wp\/v2\/product\/1752","targetHints":{"allow":["GET"]}}],"collection":[{"href":"https:\/\/www.terapiacpap.pt\/en\/wp-json\/wp\/v2\/product"}],"about":[{"href":"https:\/\/www.terapiacpap.pt\/en\/wp-json\/wp\/v2\/types\/product"}],"replies":[{"embeddable":true,"href":"https:\/\/www.terapiacpap.pt\/en\/wp-json\/wp\/v2\/comments?post=1752"}],"wp:featuredmedia":[{"embeddable":true,"href":"https:\/\/www.terapiacpap.pt\/en\/wp-json\/wp\/v2\/media\/9353"}],"wp:attachment":[{"href":"https:\/\/www.terapiacpap.pt\/en\/wp-json\/wp\/v2\/media?parent=1752"}],"wp:term":[{"taxonomy":"product_brand","embeddable":true,"href":"https:\/\/www.terapiacpap.pt\/en\/wp-json\/wp\/v2\/product_brand?post=1752"},{"taxonomy":"product_cat","embeddable":true,"href":"https:\/\/www.terapiacpap.pt\/en\/wp-json\/wp\/v2\/product_cat?post=1752"},{"taxonomy":"product_tag","embeddable":true,"href":"https:\/\/www.terapiacpap.pt\/en\/wp-json\/wp\/v2\/product_tag?post=1752"}],"curies":[{"name":"wp","href":"https:\/\/api.w.org\/{rel}","templated":true}]}}