{"id":4962,"date":"2023-10-11T15:27:34","date_gmt":"2023-10-11T15:27:34","guid":{"rendered":"https:\/\/www.terapiacpap.pt\/producto\/vortex-a-camara-de-retencao-anti-estatica-pequena-robusta-e-eficaz\/"},"modified":"2025-05-14T07:19:28","modified_gmt":"2025-05-14T07:19:28","slug":"vortex-anti-static-retention-chamber-small-robust-and-effective","status":"publish","type":"product","link":"https:\/\/www.terapiacpap.pt\/en\/producto\/vortex-anti-static-retention-chamber-small-robust-and-effective\/","title":{"rendered":"VORTEX The anti-static retention chamber: small, robust and effective."},"content":{"rendered":"<p>Metered dose inhalers are an integral part of respiratory therapy, for which good coordination of the &#8220;simultaneous actuation of the spray and inhalation&#8221; is important. The VORTEX anti-static retention chamber helps to overcome this inconvenience and minimizes the deposition of medication in the mouth and throat area. <\/p>\n","protected":false},"excerpt":{"rendered":"<p>Reliable hygiene: can be boiled, steamed and washed in the dishwasher thanks to the stable metal chamber.<br \/>\nEasy handling for babies, small children and the elderly thanks to the unique one-handed operating aid.<br \/>\nVery good aerosol performance and reliable dosing thanks to the antistatic metal chamber.<br \/>\nSuitable for the most popular metered dose inhalers thanks to the flexible connection ring.<br \/>\nGrows with you thanks to the interchangeable masks and integrated mouthpiece.<\/p>\n","protected":false},"featured_media":5272,"comment_status":"open","ping_status":"closed","template":"","meta":{"_acf_changed":false},"product_brand":[],"product_cat":[174,196],"product_tag":[],"class_list":{"0":"post-4962","1":"product","2":"type-product","3":"status-publish","4":"has-post-thumbnail","6":"product_cat-nebulisation","7":"product_cat-inhalation-chambers","9":"first","10":"instock","11":"shipping-taxable","12":"purchasable","13":"product-type-variable"},"acf":[],"yoast_head":"<!-- This site is optimized with the Yoast SEO plugin v27.0 - https:\/\/yoast.com\/product\/yoast-seo-wordpress\/ -->\n<title>Vortex inhalation chamber - Terapia CPAP Portugal<\/title>\n<meta name=\"description\" content=\"Inhalation chamber for babies, children and adults. Anti-static metal holding chamber with connection ring to the metered dose inhaler.\" \/>\n<meta name=\"robots\" content=\"index, follow, max-snippet:-1, max-image-preview:large, max-video-preview:-1\" \/>\n<link rel=\"canonical\" href=\"https:\/\/www.terapiacpap.pt\/en\/producto\/vortex-anti-static-retention-chamber-small-robust-and-effective\/\" \/>\n<meta property=\"og:locale\" content=\"en_US\" \/>\n<meta property=\"og:type\" content=\"article\" \/>\n<meta property=\"og:title\" content=\"Vortex inhalation chamber - Terapia CPAP Portugal\" \/>\n<meta property=\"og:description\" content=\"Inhalation chamber for babies, children and adults. Anti-static metal holding chamber with connection ring to the metered dose inhaler.\" \/>\n<meta property=\"og:url\" content=\"https:\/\/www.terapiacpap.pt\/en\/producto\/vortex-anti-static-retention-chamber-small-robust-and-effective\/\" \/>\n<meta property=\"og:site_name\" content=\"Terapia CPAP Portugal\" \/>\n<meta property=\"article:publisher\" content=\"https:\/\/www.facebook.com\/p\/Terapiacpap-Portugal-100063919488136\/\" \/>\n<meta property=\"article:modified_time\" content=\"2025-05-14T07:19:28+00:00\" \/>\n<meta property=\"og:image\" content=\"https:\/\/www.terapiacpap.pt\/wp-content\/uploads\/2023\/12\/Vortex-crece.jpg\" \/>\n\t<meta property=\"og:image:width\" content=\"960\" \/>\n\t<meta property=\"og:image:height\" content=\"960\" \/>\n\t<meta property=\"og:image:type\" content=\"image\/jpeg\" \/>\n<meta name=\"twitter:card\" content=\"summary_large_image\" \/>\n<meta name=\"twitter:label1\" content=\"Est. reading time\" \/>\n\t<meta name=\"twitter:data1\" content=\"1 minute\" \/>\n<!-- \/ Yoast SEO plugin. -->","yoast_head_json":{"title":"Vortex inhalation chamber - Terapia CPAP Portugal","description":"Inhalation chamber for babies, children and adults. Anti-static metal holding chamber with connection ring to the metered dose inhaler.","robots":{"index":"index","follow":"follow","max-snippet":"max-snippet:-1","max-image-preview":"max-image-preview:large","max-video-preview":"max-video-preview:-1"},"canonical":"https:\/\/www.terapiacpap.pt\/en\/producto\/vortex-anti-static-retention-chamber-small-robust-and-effective\/","og_locale":"en_US","og_type":"article","og_title":"Vortex inhalation chamber - Terapia CPAP Portugal","og_description":"Inhalation chamber for babies, children and adults. Anti-static metal holding chamber with connection ring to the metered dose inhaler.","og_url":"https:\/\/www.terapiacpap.pt\/en\/producto\/vortex-anti-static-retention-chamber-small-robust-and-effective\/","og_site_name":"Terapia CPAP Portugal","article_publisher":"https:\/\/www.facebook.com\/p\/Terapiacpap-Portugal-100063919488136\/","article_modified_time":"2025-05-14T07:19:28+00:00","og_image":[{"width":960,"height":960,"url":"https:\/\/www.terapiacpap.pt\/wp-content\/uploads\/2023\/12\/Vortex-crece.jpg","type":"image\/jpeg"}],"twitter_card":"summary_large_image","twitter_misc":{"Est. reading time":"1 minute"},"schema":{"@context":"https:\/\/schema.org","@graph":[{"@type":"WebPage","@id":"https:\/\/www.terapiacpap.pt\/en\/producto\/vortex-anti-static-retention-chamber-small-robust-and-effective\/","url":"https:\/\/www.terapiacpap.pt\/en\/producto\/vortex-anti-static-retention-chamber-small-robust-and-effective\/","name":"Vortex inhalation chamber - Terapia CPAP Portugal","isPartOf":{"@id":"https:\/\/www.terapiacpap.pt\/#website"},"primaryImageOfPage":{"@id":"https:\/\/www.terapiacpap.pt\/en\/producto\/vortex-anti-static-retention-chamber-small-robust-and-effective\/#primaryimage"},"image":{"@id":"https:\/\/www.terapiacpap.pt\/en\/producto\/vortex-anti-static-retention-chamber-small-robust-and-effective\/#primaryimage"},"thumbnailUrl":"https:\/\/www.terapiacpap.pt\/wp-content\/uploads\/2023\/12\/Vortex-crece.jpg","datePublished":"2023-10-11T15:27:34+00:00","dateModified":"2025-05-14T07:19:28+00:00","description":"Inhalation chamber for babies, children and adults. Anti-static metal holding chamber with connection ring to the metered dose inhaler.","breadcrumb":{"@id":"https:\/\/www.terapiacpap.pt\/en\/producto\/vortex-anti-static-retention-chamber-small-robust-and-effective\/#breadcrumb"},"inLanguage":"en-US","potentialAction":[{"@type":"ReadAction","target":["https:\/\/www.terapiacpap.pt\/en\/producto\/vortex-anti-static-retention-chamber-small-robust-and-effective\/"]}]},{"@type":"ImageObject","inLanguage":"en-US","@id":"https:\/\/www.terapiacpap.pt\/en\/producto\/vortex-anti-static-retention-chamber-small-robust-and-effective\/#primaryimage","url":"https:\/\/www.terapiacpap.pt\/wp-content\/uploads\/2023\/12\/Vortex-crece.jpg","contentUrl":"https:\/\/www.terapiacpap.pt\/wp-content\/uploads\/2023\/12\/Vortex-crece.jpg","width":960,"height":960},{"@type":"BreadcrumbList","@id":"https:\/\/www.terapiacpap.pt\/en\/producto\/vortex-anti-static-retention-chamber-small-robust-and-effective\/#breadcrumb","itemListElement":[{"@type":"ListItem","position":1,"name":"In\u00edcio","item":"https:\/\/www.terapiacpap.pt\/en\/"},{"@type":"ListItem","position":2,"name":"SHOP","item":"https:\/\/www.terapiacpap.pt\/en\/loja\/"},{"@type":"ListItem","position":3,"name":"Cuidados respirat\u00f3rios","item":"https:\/\/www.terapiacpap.pt\/categoria-producto\/cuidados-respiratorios\/"},{"@type":"ListItem","position":4,"name":"Nebuliza\u00e7\u00e3o","item":"https:\/\/www.terapiacpap.pt\/categoria-producto\/cuidados-respiratorios\/nebulizacao\/"},{"@type":"ListItem","position":5,"name":"C\u00e2maras de inala\u00e7\u00e3o","item":"https:\/\/www.terapiacpap.pt\/categoria-producto\/cuidados-respiratorios\/nebulizacao\/camaras-de-inalacao\/"},{"@type":"ListItem","position":6,"name":"VORTEX The anti-static retention chamber: small, robust and effective."}]},{"@type":"WebSite","@id":"https:\/\/www.terapiacpap.pt\/#website","url":"https:\/\/www.terapiacpap.pt\/","name":"TerapiaCPAP Portugal","description":"Tratamiento de Apnea do sono Portugal","publisher":{"@id":"https:\/\/www.terapiacpap.pt\/#organization"},"alternateName":"TerapiaCPAP Portugal","potentialAction":[{"@type":"SearchAction","target":{"@type":"EntryPoint","urlTemplate":"https:\/\/www.terapiacpap.pt\/?s={search_term_string}"},"query-input":{"@type":"PropertyValueSpecification","valueRequired":true,"valueName":"search_term_string"}}],"inLanguage":"en-US"},{"@type":"Organization","@id":"https:\/\/www.terapiacpap.pt\/#organization","name":"TerapiaCPAP Portugal","alternateName":"TerapiaCPAP Portugal","url":"https:\/\/www.terapiacpap.pt\/","logo":{"@type":"ImageObject","inLanguage":"en-US","@id":"https:\/\/www.terapiacpap.pt\/#\/schema\/logo\/image\/","url":"https:\/\/www.terapiacpap.pt\/wp-content\/uploads\/2021\/03\/logo-TERAPIACPAP.png","contentUrl":"https:\/\/www.terapiacpap.pt\/wp-content\/uploads\/2021\/03\/logo-TERAPIACPAP.png","width":1734,"height":521,"caption":"TerapiaCPAP Portugal"},"image":{"@id":"https:\/\/www.terapiacpap.pt\/#\/schema\/logo\/image\/"},"sameAs":["https:\/\/www.facebook.com\/p\/Terapiacpap-Portugal-100063919488136\/","https:\/\/www.instagram.com\/terapiacpap.pt\/"]}]}},"_links":{"self":[{"href":"https:\/\/www.terapiacpap.pt\/en\/wp-json\/wp\/v2\/product\/4962","targetHints":{"allow":["GET"]}}],"collection":[{"href":"https:\/\/www.terapiacpap.pt\/en\/wp-json\/wp\/v2\/product"}],"about":[{"href":"https:\/\/www.terapiacpap.pt\/en\/wp-json\/wp\/v2\/types\/product"}],"replies":[{"embeddable":true,"href":"https:\/\/www.terapiacpap.pt\/en\/wp-json\/wp\/v2\/comments?post=4962"}],"wp:featuredmedia":[{"embeddable":true,"href":"https:\/\/www.terapiacpap.pt\/en\/wp-json\/wp\/v2\/media\/5272"}],"wp:attachment":[{"href":"https:\/\/www.terapiacpap.pt\/en\/wp-json\/wp\/v2\/media?parent=4962"}],"wp:term":[{"taxonomy":"product_brand","embeddable":true,"href":"https:\/\/www.terapiacpap.pt\/en\/wp-json\/wp\/v2\/product_brand?post=4962"},{"taxonomy":"product_cat","embeddable":true,"href":"https:\/\/www.terapiacpap.pt\/en\/wp-json\/wp\/v2\/product_cat?post=4962"},{"taxonomy":"product_tag","embeddable":true,"href":"https:\/\/www.terapiacpap.pt\/en\/wp-json\/wp\/v2\/product_tag?post=4962"}],"curies":[{"name":"wp","href":"https:\/\/api.w.org\/{rel}","templated":true}]}}